{"id":55,"date":"2021-11-22T12:45:04","date_gmt":"2021-11-22T12:45:04","guid":{"rendered":"https:\/\/kreisjugendbuendnis-limburg-weilburg.de\/?page_id=55"},"modified":"2022-08-16T13:51:03","modified_gmt":"2022-08-16T13:51:03","slug":"impressum","status":"publish","type":"page","link":"https:\/\/kreisjugendbuendnis-limburg-weilburg.de\/?page_id=55","title":{"rendered":"Impressum"},"content":{"rendered":"\n<h4 class=\"wp-block-heading\">Impressum<\/h4>\n\n\n\n<p><strong>Kreis-Jugend-B\u00fcndnis Limburg-Weilburg e.V.<\/strong><br><strong>(eingetragen beim Vereinsregister Amtsgericht Limburg VR 2051)<\/strong><\/p>\n\n\n\n<p>(Gemeinn\u00fctziger eingetragener Verein zur F\u00f6rderung der Jugendhilfe und Erziehung)<\/p>\n\n\n\n<p>Steuernummer 38 250 54200<\/p>\n\n\n\n<p>Vereinsadresse: Kreuzweg 23, 65606 Villmar<\/p>\n\n\n\n<p>Kontakt: info@kreisjugendbuendnis-limburg-weilburg.de<\/p>\n\n\n\n<hr class=\"wp-block-separator has-css-opacity\"\/>\n\n\n\n<ul class=\"wp-block-list\"><li>Rechtliches<\/li><li>Mit Urteil vom 12. Mai 1998 (Aktenzeichen 312 0 85\/98 : \u201eHaftung f\u00fcr Links\u201c)<br>hat das Landgericht Hamburg entschieden, da\u00df man durch die Ausbringung<br>eines Links die Inhalte der gelinkten Seite ggf. mit zu verantworten hat. Dies<br>kann \u2013 so das LG \u2013 nur dadurch verhindert werden, da\u00df man sich ausdr\u00fccklich<br>von diesen Inhalten distanziert. Auf diesen Seiten sind verschiedene Links<br>zu anderen Seiten im Internet untergebracht.<\/li><li>F\u00fcr all diese Links gilt:<br>Wir m\u00f6chten ausdr\u00fccklich betonen, da\u00df wir keinerlei Einflu\u00df auf die<br>Gestaltung und die Inhalte der gelinkten Seiten haben. Deshalb distanzieren<br>wir uns hiermit ausdr\u00fccklich von allen Inhalten aller gelinkten Seiten auf<br>dieser Homepage. Diese Erkl\u00e4rung gilt f\u00fcr alle auf dieser Homepage<br>ausgebrachten Links.<br>Soweit bekannt wurden nur legale und gesetzeskonforme Seiten gelinkt,<br>jedoch kann f\u00fcr seitdem durchgef\u00fchrte \u00c4nderungen keine Gew\u00e4hrleistung<br>\u00fcbernommen werden.<\/li><li>Schutz personenbezogener Daten nach dem Bundesdatenschutzgesetz (BDSG):<\/li><li>Nach Paragraph 14 Abs. 2 Satz 2, 4 Abs. 2 Bundesdatenschutzgesetz (BDSG)<br>wird jedwede momentane und zuk\u00fcnftige Speicherung personenbezogener<br>Daten (E-Mail-Adressen) ohne vorherige ausdr\u00fcckliche schriftliche<br>Genehmigung untersagt.<\/li><\/ul>\n\n\n\n<p>Nach Paragraph 28 Absatz 3 Bundesdatenschutzgesetz (BDSG) wird hiermit<br>die Verwendung von pers\u00f6nlichen Daten dieser Webseite (wie E-Mail-Adressen)<br>zu Werbezwecken sowie zur Markt- und Meinungsforschung ausdr\u00fccklich untersagt.<\/p>\n","protected":false},"excerpt":{"rendered":"<p>Impressum Kreis-Jugend-B\u00fcndnis Limburg-Weilburg e.V.(eingetragen beim Vereinsregister Amtsgericht Limburg VR 2051) (Gemeinn\u00fctziger eingetragener Verein zur F\u00f6rderung der Jugendhilfe und Erziehung) Steuernummer 38 250 54200 Vereinsadresse: Kreuzweg 23, 65606 Villmar Kontakt: info@kreisjugendbuendnis-limburg-weilburg.de [&hellip;]<\/p>\n","protected":false},"author":1,"featured_media":0,"parent":0,"menu_order":2,"comment_status":"closed","ping_status":"closed","template":"fullwidth-page.php","meta":{"footnotes":""},"class_list":["post-55","page","type-page","status-publish","hentry"],"_links":{"self":[{"href":"https:\/\/kreisjugendbuendnis-limburg-weilburg.de\/index.php?rest_route=\/wp\/v2\/pages\/55","targetHints":{"allow":["GET"]}}],"collection":[{"href":"https:\/\/kreisjugendbuendnis-limburg-weilburg.de\/index.php?rest_route=\/wp\/v2\/pages"}],"about":[{"href":"https:\/\/kreisjugendbuendnis-limburg-weilburg.de\/index.php?rest_route=\/wp\/v2\/types\/page"}],"author":[{"embeddable":true,"href":"https:\/\/kreisjugendbuendnis-limburg-weilburg.de\/index.php?rest_route=\/wp\/v2\/users\/1"}],"replies":[{"embeddable":true,"href":"https:\/\/kreisjugendbuendnis-limburg-weilburg.de\/index.php?rest_route=%2Fwp%2Fv2%2Fcomments&post=55"}],"version-history":[{"count":4,"href":"https:\/\/kreisjugendbuendnis-limburg-weilburg.de\/index.php?rest_route=\/wp\/v2\/pages\/55\/revisions"}],"predecessor-version":[{"id":80,"href":"https:\/\/kreisjugendbuendnis-limburg-weilburg.de\/index.php?rest_route=\/wp\/v2\/pages\/55\/revisions\/80"}],"wp:attachment":[{"href":"https:\/\/kreisjugendbuendnis-limburg-weilburg.de\/index.php?rest_route=%2Fwp%2Fv2%2Fmedia&parent=55"}],"curies":[{"name":"wp","href":"https:\/\/api.w.org\/{rel}","templated":true}]}}